{"id":888,"date":"2022-01-13T16:03:17","date_gmt":"2022-01-13T19:03:17","guid":{"rendered":"http:\/\/localhost:8888\/recanto\/?page_id=888"},"modified":"2024-01-19T20:22:57","modified_gmt":"2024-01-19T23:22:57","slug":"home-2","status":"publish","type":"page","link":"https:\/\/centrogastronomicorecanto.com.br\/","title":{"rendered":"home"},"content":{"rendered":"<p>[et_pb_section fb_built=&#8221;1&#8243; admin_label=&#8221;slideshow&#8221; _builder_version=&#8221;4.16&#8243; _module_preset=&#8221;default&#8221; collapsed=&#8221;on&#8221; global_colors_info=&#8221;{}&#8221;][et_pb_row use_custom_gutter=&#8221;on&#8221; _builder_version=&#8221;4.16&#8243; _module_preset=&#8221;default&#8221; width=&#8221;100%&#8221; max_width=&#8221;100%&#8221; module_alignment=&#8221;center&#8221; custom_margin=&#8221;-70px||0px||false|false&#8221; custom_padding=&#8221;0px||0px||false|false&#8221; global_colors_info=&#8221;{}&#8221;][et_pb_column type=&#8221;4_4&#8243; _builder_version=&#8221;4.16&#8243; _module_preset=&#8221;default&#8221; global_colors_info=&#8221;{}&#8221;][et_pb_nextend_smart_slider_3 slider=&#8221;2&#8243; _builder_version=&#8221;4.14.6&#8243; _module_preset=&#8221;default&#8221; global_colors_info=&#8221;{}&#8221;][\/et_pb_nextend_smart_slider_3][\/et_pb_column][\/et_pb_row][\/et_pb_section][et_pb_section fb_built=&#8221;1&#8243; disabled_on=&#8221;on|on|off&#8221; _builder_version=&#8221;4.16&#8243; _module_preset=&#8221;default&#8221; background_color=&#8221;rgba(78,64,55,0.6)&#8221; use_background_color_gradient=&#8221;on&#8221; background_color_gradient_direction=&#8221;90deg&#8221; background_color_gradient_stops=&#8221;rgba(78,64,55,0.6) 85%|#ffffff 85%&#8221; background_color_gradient_start=&#8221;rgba(78,64,55,0.6)&#8221; background_color_gradient_start_position=&#8221;85%&#8221; background_color_gradient_end=&#8221;#ffffff&#8221; background_color_gradient_end_position=&#8221;85%&#8221; custom_margin=&#8221;80px||40px||false|false&#8221; locked=&#8221;off&#8221; collapsed=&#8221;on&#8221; global_colors_info=&#8221;{}&#8221;][et_pb_row _builder_version=&#8221;4.16&#8243; _module_preset=&#8221;default&#8221; global_colors_info=&#8221;{}&#8221;][et_pb_column type=&#8221;4_4&#8243; _builder_version=&#8221;4.16&#8243; _module_preset=&#8221;default&#8221; global_colors_info=&#8221;{}&#8221;][et_pb_text _builder_version=&#8221;4.16&#8243; _module_preset=&#8221;default&#8221; header_font=&#8221;|700||on|||||&#8221; header_text_color=&#8221;#000000&#8243; custom_padding=&#8221;20px||20px||false|false&#8221; animation_style=&#8221;fade&#8221; global_colors_info=&#8221;{}&#8221;]<\/p>\n<h1><span style=\"color: #ffffff;\">centro gastron\u00f4mico recanto<\/span><\/h1>\n<p>[\/et_pb_text][\/et_pb_column][\/et_pb_row][\/et_pb_section][et_pb_section fb_built=&#8221;1&#8243; _builder_version=&#8221;4.16&#8243; _module_preset=&#8221;default&#8221; collapsed=&#8221;on&#8221; global_colors_info=&#8221;{}&#8221;][et_pb_row _builder_version=&#8221;4.16&#8243; _module_preset=&#8221;default&#8221; global_colors_info=&#8221;{}&#8221;][et_pb_column type=&#8221;4_4&#8243; _builder_version=&#8221;4.16&#8243; _module_preset=&#8221;default&#8221; global_colors_info=&#8221;{}&#8221;][et_pb_text _builder_version=&#8221;4.16&#8243; _module_preset=&#8221;default&#8221; animation_style=&#8221;fade&#8221; global_colors_info=&#8221;{}&#8221;]<\/p>\n<h2>SUA VIAGEM GASTRON\u00d4MICA EM TERES\u00d3POLIS COME\u00c7A AQUI!<\/h2>\n<p>[\/et_pb_text][\/et_pb_column][\/et_pb_row][\/et_pb_section][et_pb_section fb_built=&#8221;1&#8243; disabled_on=&#8221;on|on|off&#8221; admin_label=&#8221;slide fish&#8221; _builder_version=&#8221;4.16&#8243; _module_preset=&#8221;default&#8221; background_color=&#8221;rgba(78,64,55,0.6)&#8221; use_background_color_gradient=&#8221;on&#8221; background_color_gradient_direction=&#8221;90deg&#8221; background_color_gradient_stops=&#8221;#ffffff 15%|rgba(78,64,55,0.6) 15%&#8221; background_color_gradient_start=&#8221;#ffffff&#8221; background_color_gradient_start_position=&#8221;15%&#8221; background_color_gradient_end=&#8221;rgba(78,64,55,0.6)&#8221; background_color_gradient_end_position=&#8221;15%&#8221; height=&#8221;15vh&#8221; custom_margin=&#8221;250px||250px||true|false&#8221; locked=&#8221;off&#8221; collapsed=&#8221;on&#8221; global_colors_info=&#8221;{}&#8221;][et_pb_row column_structure=&#8221;1_3,2_3&#8243; _builder_version=&#8221;4.16&#8243; _module_preset=&#8221;default&#8221; positioning=&#8221;absolute&#8221; position_origin_a=&#8221;center_center&#8221; global_colors_info=&#8221;{}&#8221;][et_pb_column type=&#8221;1_3&#8243; _builder_version=&#8221;4.16&#8243; _module_preset=&#8221;default&#8221; global_colors_info=&#8221;{}&#8221;][et_pb_text _builder_version=&#8221;4.16&#8243; _module_preset=&#8221;default&#8221; header_font=&#8221;|700||on|||||&#8221; header_font_size=&#8221;40px&#8221; header_3_font=&#8221;|600||on|||||&#8221; header_3_font_size=&#8221;34px&#8221; custom_margin=&#8221;320px||||false|false&#8221; custom_padding=&#8221;|20px|||false|false&#8221; animation_style=&#8221;fade&#8221; global_colors_info=&#8221;{}&#8221;]<\/p>\n<h3>Peixes &amp; Frutos do Mar<\/h3>\n<p>[\/et_pb_text][\/et_pb_column][et_pb_column type=&#8221;2_3&#8243; _builder_version=&#8221;4.16&#8243; _module_preset=&#8221;default&#8221; global_colors_info=&#8221;{}&#8221;][et_pb_nextend_smart_slider_3 slider=&#8221;9&#8243; _builder_version=&#8221;4.14.7&#8243; _module_preset=&#8221;default&#8221; global_colors_info=&#8221;{}&#8221;][\/et_pb_nextend_smart_slider_3][\/et_pb_column][\/et_pb_row][\/et_pb_section][et_pb_section fb_built=&#8221;1&#8243; admin_label=&#8221;white space&#8221; _builder_version=&#8221;4.16&#8243; _module_preset=&#8221;default&#8221; background_color=&#8221;RGBA(255,255,255,0)&#8221; custom_padding=&#8221;||||false|false&#8221; collapsed=&#8221;on&#8221; global_colors_info=&#8221;{}&#8221;][et_pb_row _builder_version=&#8221;4.16&#8243; _module_preset=&#8221;default&#8221; global_colors_info=&#8221;{}&#8221;][et_pb_column type=&#8221;4_4&#8243; _builder_version=&#8221;4.16&#8243; _module_preset=&#8221;default&#8221; global_colors_info=&#8221;{}&#8221;][et_pb_divider show_divider=&#8221;off&#8221; _builder_version=&#8221;4.16&#8243; _module_preset=&#8221;default&#8221; global_colors_info=&#8221;{}&#8221;][\/et_pb_divider][\/et_pb_column][\/et_pb_row][\/et_pb_section][et_pb_section fb_built=&#8221;1&#8243; disabled_on=&#8221;on|on|off&#8221; admin_label=&#8221;slide bakery&#8221; _builder_version=&#8221;4.16&#8243; _module_preset=&#8221;default&#8221; background_color=&#8221;rgba(78,64,55,0.6)&#8221; use_background_color_gradient=&#8221;on&#8221; background_color_gradient_direction=&#8221;90deg&#8221; background_color_gradient_stops=&#8221;rgba(78,64,55,0.6) 85%|#ffffff 85%&#8221; background_color_gradient_start=&#8221;rgba(78,64,55,0.6)&#8221; background_color_gradient_start_position=&#8221;85%&#8221; background_color_gradient_end=&#8221;#ffffff&#8221; background_color_gradient_end_position=&#8221;85%&#8221; height=&#8221;15vh&#8221; custom_margin=&#8221;250px||250px||true|false&#8221; locked=&#8221;off&#8221; collapsed=&#8221;on&#8221; global_colors_info=&#8221;{}&#8221;][et_pb_row column_structure=&#8221;2_3,1_3&#8243; _builder_version=&#8221;4.16&#8243; _module_preset=&#8221;default&#8221; positioning=&#8221;absolute&#8221; position_origin_a=&#8221;center_center&#8221; global_colors_info=&#8221;{}&#8221;][et_pb_column type=&#8221;2_3&#8243; _builder_version=&#8221;4.16&#8243; _module_preset=&#8221;default&#8221; global_colors_info=&#8221;{}&#8221;][et_pb_nextend_smart_slider_3 slider=&#8221;11&#8243; _builder_version=&#8221;4.14.7&#8243; _module_preset=&#8221;default&#8221; global_colors_info=&#8221;{}&#8221;][\/et_pb_nextend_smart_slider_3][\/et_pb_column][et_pb_column type=&#8221;1_3&#8243; _builder_version=&#8221;4.16&#8243; _module_preset=&#8221;default&#8221; global_colors_info=&#8221;{}&#8221;][et_pb_text _builder_version=&#8221;4.16&#8243; _module_preset=&#8221;default&#8221; header_font=&#8221;|700||on|||||&#8221; header_font_size=&#8221;40px&#8221; header_3_font=&#8221;|600||on|||||&#8221; header_3_text_align=&#8221;right&#8221; header_3_font_size=&#8221;34px&#8221; custom_margin=&#8221;320px||||false|false&#8221; custom_padding=&#8221;|20px|||false|false&#8221; animation_style=&#8221;fade&#8221; global_colors_info=&#8221;{}&#8221;]<\/p>\n<h3 style=\"text-align: right;\">Padaria &amp; Confeitaria<\/h3>\n<p>[\/et_pb_text][\/et_pb_column][\/et_pb_row][\/et_pb_section][et_pb_section fb_built=&#8221;1&#8243; admin_label=&#8221;white space&#8221; _builder_version=&#8221;4.16&#8243; _module_preset=&#8221;default&#8221; background_color=&#8221;RGBA(255,255,255,0)&#8221; custom_padding=&#8221;||||false|false&#8221; collapsed=&#8221;on&#8221; global_colors_info=&#8221;{}&#8221;][et_pb_row _builder_version=&#8221;4.16&#8243; _module_preset=&#8221;default&#8221; global_colors_info=&#8221;{}&#8221;][et_pb_column type=&#8221;4_4&#8243; _builder_version=&#8221;4.16&#8243; _module_preset=&#8221;default&#8221; global_colors_info=&#8221;{}&#8221;][et_pb_divider show_divider=&#8221;off&#8221; _builder_version=&#8221;4.16&#8243; _module_preset=&#8221;default&#8221; global_colors_info=&#8221;{}&#8221;][\/et_pb_divider][\/et_pb_column][\/et_pb_row][\/et_pb_section][et_pb_section fb_built=&#8221;1&#8243; disabled_on=&#8221;on|on|off&#8221; admin_label=&#8221;slide meat&#8221; _builder_version=&#8221;4.16&#8243; _module_preset=&#8221;default&#8221; background_color=&#8221;rgba(78,64,55,0.6)&#8221; use_background_color_gradient=&#8221;on&#8221; background_color_gradient_direction=&#8221;90deg&#8221; background_color_gradient_stops=&#8221;#ffffff 15%|rgba(78,64,55,0.6) 15%&#8221; background_color_gradient_start=&#8221;#ffffff&#8221; background_color_gradient_start_position=&#8221;15%&#8221; background_color_gradient_end=&#8221;rgba(78,64,55,0.6)&#8221; background_color_gradient_end_position=&#8221;15%&#8221; height=&#8221;15vh&#8221; custom_margin=&#8221;250px||250px||true|false&#8221; locked=&#8221;off&#8221; collapsed=&#8221;on&#8221; global_colors_info=&#8221;{}&#8221;][et_pb_row column_structure=&#8221;1_3,2_3&#8243; _builder_version=&#8221;4.16&#8243; _module_preset=&#8221;default&#8221; positioning=&#8221;absolute&#8221; position_origin_a=&#8221;center_center&#8221; global_colors_info=&#8221;{}&#8221;][et_pb_column type=&#8221;1_3&#8243; _builder_version=&#8221;4.16&#8243; _module_preset=&#8221;default&#8221; global_colors_info=&#8221;{}&#8221;][et_pb_text _builder_version=&#8221;4.16&#8243; _module_preset=&#8221;default&#8221; header_font=&#8221;|700||on|||||&#8221; header_font_size=&#8221;40px&#8221; header_3_font=&#8221;|600||on|||||&#8221; header_3_font_size=&#8221;34px&#8221; custom_margin=&#8221;320px||||false|false&#8221; custom_padding=&#8221;|20px|||false|false&#8221; animation_style=&#8221;fade&#8221; global_colors_info=&#8221;{}&#8221;]<\/p>\n<h3>carnes Selecionadas<\/h3>\n<p>[\/et_pb_text][\/et_pb_column][et_pb_column type=&#8221;2_3&#8243; _builder_version=&#8221;4.16&#8243; _module_preset=&#8221;default&#8221; global_colors_info=&#8221;{}&#8221;][et_pb_nextend_smart_slider_3 slider=&#8221;8&#8243; _builder_version=&#8221;4.14.7&#8243; _module_preset=&#8221;default&#8221; global_colors_info=&#8221;{}&#8221;][\/et_pb_nextend_smart_slider_3][\/et_pb_column][\/et_pb_row][\/et_pb_section][et_pb_section fb_built=&#8221;1&#8243; admin_label=&#8221;white space&#8221; _builder_version=&#8221;4.16&#8243; _module_preset=&#8221;default&#8221; background_color=&#8221;RGBA(255,255,255,0)&#8221; custom_padding=&#8221;||||false|false&#8221; collapsed=&#8221;on&#8221; global_colors_info=&#8221;{}&#8221;][et_pb_row _builder_version=&#8221;4.16&#8243; _module_preset=&#8221;default&#8221; global_colors_info=&#8221;{}&#8221;][et_pb_column type=&#8221;4_4&#8243; _builder_version=&#8221;4.16&#8243; _module_preset=&#8221;default&#8221; global_colors_info=&#8221;{}&#8221;][et_pb_divider show_divider=&#8221;off&#8221; _builder_version=&#8221;4.16&#8243; _module_preset=&#8221;default&#8221; global_colors_info=&#8221;{}&#8221;][\/et_pb_divider][\/et_pb_column][\/et_pb_row][\/et_pb_section][et_pb_section fb_built=&#8221;1&#8243; disabled_on=&#8221;off|off|on&#8221; admin_label=&#8221;slide fish mobile&#8221; _builder_version=&#8221;4.24.0&#8243; _module_preset=&#8221;default&#8221; hover_enabled=&#8221;0&#8243; collapsed=&#8221;on&#8221; global_colors_info=&#8221;{}&#8221; custom_margin=&#8221;40px||40px||true|false&#8221; sticky_enabled=&#8221;0&#8243;][et_pb_row _builder_version=&#8221;4.24.0&#8243; _module_preset=&#8221;default&#8221; global_colors_info=&#8221;{}&#8221;][et_pb_column type=&#8221;4_4&#8243; _builder_version=&#8221;4.24.0&#8243; _module_preset=&#8221;default&#8221; global_colors_info=&#8221;{}&#8221;][et_pb_text _builder_version=&#8221;4.24.0&#8243; _module_preset=&#8221;default&#8221; header_font=&#8221;|700||on|||||&#8221; header_font_size=&#8221;40px&#8221; header_3_font=&#8221;|600||on|||||&#8221; header_3_font_size=&#8221;34px&#8221; animation_style=&#8221;fade&#8221; global_colors_info=&#8221;{}&#8221; hover_enabled=&#8221;0&#8243; sticky_enabled=&#8221;0&#8243; custom_padding=&#8221;||40px||false|false&#8221;]<\/p>\n<h3 style=\"text-align: center;\">Peixes &amp; Frutos do Mar<\/h3>\n<p>[\/et_pb_text][et_pb_image src=&#8221;https:\/\/centrogastronomicorecanto.com.br\/wp-content\/uploads\/2022\/01\/carroussel-fish-06.jpg&#8221; alt=&#8221;Peixes e frutos do mar&#8221; title_text=&#8221;Peixes e frutos do mar&#8221; align=&#8221;center&#8221; _builder_version=&#8221;4.24.0&#8243; _module_preset=&#8221;default&#8221; global_colors_info=&#8221;{}&#8221;][\/et_pb_image][\/et_pb_column][\/et_pb_row][\/et_pb_section][et_pb_section fb_built=&#8221;1&#8243; disabled_on=&#8221;off|off|on&#8221; admin_label=&#8221;slide bakery mobile&#8221; _builder_version=&#8221;4.24.0&#8243; _module_preset=&#8221;default&#8221; hover_enabled=&#8221;0&#8243; collapsed=&#8221;on&#8221; global_colors_info=&#8221;{}&#8221; custom_margin=&#8221;40px||40px||true|false&#8221; sticky_enabled=&#8221;0&#8243;][et_pb_row _builder_version=&#8221;4.24.0&#8243; _module_preset=&#8221;default&#8221; global_colors_info=&#8221;{}&#8221;][et_pb_column type=&#8221;4_4&#8243; _builder_version=&#8221;4.24.0&#8243; _module_preset=&#8221;default&#8221; global_colors_info=&#8221;{}&#8221;][et_pb_text _builder_version=&#8221;4.24.0&#8243; _module_preset=&#8221;default&#8221; header_font=&#8221;|700||on|||||&#8221; header_font_size=&#8221;40px&#8221; header_3_font=&#8221;|600||on|||||&#8221; header_3_text_align=&#8221;right&#8221; header_3_font_size=&#8221;34px&#8221; animation_style=&#8221;fade&#8221; global_colors_info=&#8221;{}&#8221; text_orientation=&#8221;center&#8221; hover_enabled=&#8221;0&#8243; sticky_enabled=&#8221;0&#8243; custom_padding=&#8221;||40px||false|false&#8221;]<\/p>\n<h3 style=\"text-align: center;\">Padaria &amp; Confeitaria<\/h3>\n<p>[\/et_pb_text][et_pb_image src=&#8221;https:\/\/centrogastronomicorecanto.com.br\/wp-content\/uploads\/2022\/01\/carroussel-padaria-03.jpg&#8221; alt=&#8221;Confeitaria e Padaria&#8221; title_text=&#8221;Confeitaria e Padaria&#8221; align=&#8221;center&#8221; _builder_version=&#8221;4.24.0&#8243; _module_preset=&#8221;default&#8221; global_colors_info=&#8221;{}&#8221;][\/et_pb_image][\/et_pb_column][\/et_pb_row][\/et_pb_section][et_pb_section fb_built=&#8221;1&#8243; disabled_on=&#8221;off|off|on&#8221; admin_label=&#8221;slide meat mobile&#8221; _builder_version=&#8221;4.24.0&#8243; _module_preset=&#8221;default&#8221; hover_enabled=&#8221;0&#8243; collapsed=&#8221;off&#8221; global_colors_info=&#8221;{}&#8221; custom_margin=&#8221;40px||40px||true|false&#8221; sticky_enabled=&#8221;0&#8243;][et_pb_row _builder_version=&#8221;4.24.0&#8243; _module_preset=&#8221;default&#8221; global_colors_info=&#8221;{}&#8221;][et_pb_column type=&#8221;4_4&#8243; _builder_version=&#8221;4.24.0&#8243; _module_preset=&#8221;default&#8221; global_colors_info=&#8221;{}&#8221;][et_pb_text _builder_version=&#8221;4.24.0&#8243; _module_preset=&#8221;default&#8221; header_font=&#8221;|700||on|||||&#8221; header_font_size=&#8221;40px&#8221; header_3_font=&#8221;|600||on|||||&#8221; header_3_font_size=&#8221;34px&#8221; animation_style=&#8221;fade&#8221; global_colors_info=&#8221;{}&#8221; hover_enabled=&#8221;0&#8243; sticky_enabled=&#8221;0&#8243; custom_padding=&#8221;||40px||false|false&#8221;]<\/p>\n<h3 style=\"text-align: center;\">carnes Selecionadas<\/h3>\n<p>[\/et_pb_text][et_pb_image src=&#8221;https:\/\/centrogastronomicorecanto.com.br\/wp-content\/uploads\/2022\/01\/carroussel-meat-02.jpg&#8221; alt=&#8221;Carnes Selecionadas&#8221; title_text=&#8221;Carnes Selecionadas&#8221; _builder_version=&#8221;4.24.0&#8243; _module_preset=&#8221;default&#8221; hover_enabled=&#8221;0&#8243; global_colors_info=&#8221;{}&#8221; align=&#8221;center&#8221; sticky_enabled=&#8221;0&#8243;][\/et_pb_image][\/et_pb_column][\/et_pb_row][\/et_pb_section]<\/p>\n","protected":false},"excerpt":{"rendered":"<p>centro gastron\u00f4mico recantoSUA VIAGEM GASTRON\u00d4MICA EM TERES\u00d3POLIS COME\u00c7A AQUI!Peixes &amp; Frutos do MarPadaria &amp; Confeitariacarnes SelecionadasPeixes &amp; Frutos do MarPadaria &amp; Confeitariacarnes Selecionadas<\/p>\n","protected":false},"author":1,"featured_media":0,"parent":0,"menu_order":0,"comment_status":"closed","ping_status":"closed","template":"","meta":{"_et_pb_use_builder":"on","_et_pb_old_content":"","_et_gb_content_width":"","footnotes":""},"class_list":["post-888","page","type-page","status-publish","hentry"],"yoast_head":"<!-- This site is optimized with the Yoast SEO plugin v27.2 - https:\/\/yoast.com\/product\/yoast-seo-wordpress\/ -->\n<title>home - Centro Gastron\u00f4mico Recanto<\/title>\n<meta name=\"robots\" content=\"index, follow, max-snippet:-1, max-image-preview:large, max-video-preview:-1\" \/>\n<link rel=\"canonical\" href=\"https:\/\/centrogastronomicorecanto.com.br\/\" \/>\n<meta property=\"og:locale\" content=\"pt_BR\" \/>\n<meta property=\"og:type\" content=\"article\" \/>\n<meta property=\"og:title\" content=\"home - Centro Gastron\u00f4mico Recanto\" \/>\n<meta property=\"og:description\" content=\"centro gastron\u00f4mico recantoSUA VIAGEM GASTRON\u00d4MICA EM TERES\u00d3POLIS COME\u00c7A AQUI!Peixes &amp; Frutos do MarPadaria &amp; Confeitariacarnes SelecionadasPeixes &amp; Frutos do MarPadaria &amp; Confeitariacarnes Selecionadas\" \/>\n<meta property=\"og:url\" content=\"https:\/\/centrogastronomicorecanto.com.br\/\" \/>\n<meta property=\"og:site_name\" content=\"Centro Gastron\u00f4mico Recanto\" \/>\n<meta property=\"article:publisher\" content=\"https:\/\/www.facebook.com\/centrogastronomicorecanto\" \/>\n<meta property=\"article:modified_time\" content=\"2024-01-19T23:22:57+00:00\" \/>\n<meta name=\"twitter:card\" content=\"summary_large_image\" \/>\n<meta name=\"twitter:label1\" content=\"Est. tempo de leitura\" \/>\n\t<meta name=\"twitter:data1\" content=\"1 minuto\" \/>\n<script type=\"application\/ld+json\" class=\"yoast-schema-graph\">{\"@context\":\"https:\/\/schema.org\",\"@graph\":[{\"@type\":\"WebPage\",\"@id\":\"https:\/\/centrogastronomicorecanto.com.br\/\",\"url\":\"https:\/\/centrogastronomicorecanto.com.br\/\",\"name\":\"home - Centro Gastron\u00f4mico Recanto\",\"isPartOf\":{\"@id\":\"https:\/\/centrogastronomicorecanto.com.br\/#website\"},\"datePublished\":\"2022-01-13T19:03:17+00:00\",\"dateModified\":\"2024-01-19T23:22:57+00:00\",\"breadcrumb\":{\"@id\":\"https:\/\/centrogastronomicorecanto.com.br\/#breadcrumb\"},\"inLanguage\":\"pt-BR\",\"potentialAction\":[{\"@type\":\"ReadAction\",\"target\":[\"https:\/\/centrogastronomicorecanto.com.br\/\"]}]},{\"@type\":\"BreadcrumbList\",\"@id\":\"https:\/\/centrogastronomicorecanto.com.br\/#breadcrumb\",\"itemListElement\":[{\"@type\":\"ListItem\",\"position\":1,\"name\":\"In\u00edcio\",\"item\":\"https:\/\/centrogastronomicorecanto.com.br\/\"},{\"@type\":\"ListItem\",\"position\":2,\"name\":\"home\"}]},{\"@type\":\"WebSite\",\"@id\":\"https:\/\/centrogastronomicorecanto.com.br\/#website\",\"url\":\"https:\/\/centrogastronomicorecanto.com.br\/\",\"name\":\"Centro Gastron\u00f4mico Recanto\",\"description\":\"Sua viagem Gastron\u00f4mica come\u00e7a aqui!\",\"publisher\":{\"@id\":\"https:\/\/centrogastronomicorecanto.com.br\/#organization\"},\"potentialAction\":[{\"@type\":\"SearchAction\",\"target\":{\"@type\":\"EntryPoint\",\"urlTemplate\":\"https:\/\/centrogastronomicorecanto.com.br\/?s={search_term_string}\"},\"query-input\":{\"@type\":\"PropertyValueSpecification\",\"valueRequired\":true,\"valueName\":\"search_term_string\"}}],\"inLanguage\":\"pt-BR\"},{\"@type\":\"Organization\",\"@id\":\"https:\/\/centrogastronomicorecanto.com.br\/#organization\",\"name\":\"Centro Gastron\u00f4mico Recanto\",\"url\":\"https:\/\/centrogastronomicorecanto.com.br\/\",\"logo\":{\"@type\":\"ImageObject\",\"inLanguage\":\"pt-BR\",\"@id\":\"https:\/\/centrogastronomicorecanto.com.br\/#\/schema\/logo\/image\/\",\"url\":\"https:\/\/centrogastronomicorecanto.com.br\/wp-content\/uploads\/2022\/01\/icn_recanto_confeitaria.jpeg\",\"contentUrl\":\"https:\/\/centrogastronomicorecanto.com.br\/wp-content\/uploads\/2022\/01\/icn_recanto_confeitaria.jpeg\",\"width\":640,\"height\":640,\"caption\":\"Centro Gastron\u00f4mico Recanto\"},\"image\":{\"@id\":\"https:\/\/centrogastronomicorecanto.com.br\/#\/schema\/logo\/image\/\"},\"sameAs\":[\"https:\/\/www.facebook.com\/centrogastronomicorecanto\",\"https:\/\/www.instagram.com\/centrogastronomicorecanto\"]}]}<\/script>\n<!-- \/ Yoast SEO plugin. -->","yoast_head_json":{"title":"home - Centro Gastron\u00f4mico Recanto","robots":{"index":"index","follow":"follow","max-snippet":"max-snippet:-1","max-image-preview":"max-image-preview:large","max-video-preview":"max-video-preview:-1"},"canonical":"https:\/\/centrogastronomicorecanto.com.br\/","og_locale":"pt_BR","og_type":"article","og_title":"home - Centro Gastron\u00f4mico Recanto","og_description":"centro gastron\u00f4mico recantoSUA VIAGEM GASTRON\u00d4MICA EM TERES\u00d3POLIS COME\u00c7A AQUI!Peixes &amp; Frutos do MarPadaria &amp; Confeitariacarnes SelecionadasPeixes &amp; Frutos do MarPadaria &amp; Confeitariacarnes Selecionadas","og_url":"https:\/\/centrogastronomicorecanto.com.br\/","og_site_name":"Centro Gastron\u00f4mico Recanto","article_publisher":"https:\/\/www.facebook.com\/centrogastronomicorecanto","article_modified_time":"2024-01-19T23:22:57+00:00","twitter_card":"summary_large_image","twitter_misc":{"Est. tempo de leitura":"1 minuto"},"schema":{"@context":"https:\/\/schema.org","@graph":[{"@type":"WebPage","@id":"https:\/\/centrogastronomicorecanto.com.br\/","url":"https:\/\/centrogastronomicorecanto.com.br\/","name":"home - Centro Gastron\u00f4mico Recanto","isPartOf":{"@id":"https:\/\/centrogastronomicorecanto.com.br\/#website"},"datePublished":"2022-01-13T19:03:17+00:00","dateModified":"2024-01-19T23:22:57+00:00","breadcrumb":{"@id":"https:\/\/centrogastronomicorecanto.com.br\/#breadcrumb"},"inLanguage":"pt-BR","potentialAction":[{"@type":"ReadAction","target":["https:\/\/centrogastronomicorecanto.com.br\/"]}]},{"@type":"BreadcrumbList","@id":"https:\/\/centrogastronomicorecanto.com.br\/#breadcrumb","itemListElement":[{"@type":"ListItem","position":1,"name":"In\u00edcio","item":"https:\/\/centrogastronomicorecanto.com.br\/"},{"@type":"ListItem","position":2,"name":"home"}]},{"@type":"WebSite","@id":"https:\/\/centrogastronomicorecanto.com.br\/#website","url":"https:\/\/centrogastronomicorecanto.com.br\/","name":"Centro Gastron\u00f4mico Recanto","description":"Sua viagem Gastron\u00f4mica come\u00e7a aqui!","publisher":{"@id":"https:\/\/centrogastronomicorecanto.com.br\/#organization"},"potentialAction":[{"@type":"SearchAction","target":{"@type":"EntryPoint","urlTemplate":"https:\/\/centrogastronomicorecanto.com.br\/?s={search_term_string}"},"query-input":{"@type":"PropertyValueSpecification","valueRequired":true,"valueName":"search_term_string"}}],"inLanguage":"pt-BR"},{"@type":"Organization","@id":"https:\/\/centrogastronomicorecanto.com.br\/#organization","name":"Centro Gastron\u00f4mico Recanto","url":"https:\/\/centrogastronomicorecanto.com.br\/","logo":{"@type":"ImageObject","inLanguage":"pt-BR","@id":"https:\/\/centrogastronomicorecanto.com.br\/#\/schema\/logo\/image\/","url":"https:\/\/centrogastronomicorecanto.com.br\/wp-content\/uploads\/2022\/01\/icn_recanto_confeitaria.jpeg","contentUrl":"https:\/\/centrogastronomicorecanto.com.br\/wp-content\/uploads\/2022\/01\/icn_recanto_confeitaria.jpeg","width":640,"height":640,"caption":"Centro Gastron\u00f4mico Recanto"},"image":{"@id":"https:\/\/centrogastronomicorecanto.com.br\/#\/schema\/logo\/image\/"},"sameAs":["https:\/\/www.facebook.com\/centrogastronomicorecanto","https:\/\/www.instagram.com\/centrogastronomicorecanto"]}]}},"_links":{"self":[{"href":"https:\/\/centrogastronomicorecanto.com.br\/wp-json\/wp\/v2\/pages\/888","targetHints":{"allow":["GET"]}}],"collection":[{"href":"https:\/\/centrogastronomicorecanto.com.br\/wp-json\/wp\/v2\/pages"}],"about":[{"href":"https:\/\/centrogastronomicorecanto.com.br\/wp-json\/wp\/v2\/types\/page"}],"author":[{"embeddable":true,"href":"https:\/\/centrogastronomicorecanto.com.br\/wp-json\/wp\/v2\/users\/1"}],"replies":[{"embeddable":true,"href":"https:\/\/centrogastronomicorecanto.com.br\/wp-json\/wp\/v2\/comments?post=888"}],"version-history":[{"count":30,"href":"https:\/\/centrogastronomicorecanto.com.br\/wp-json\/wp\/v2\/pages\/888\/revisions"}],"predecessor-version":[{"id":1657,"href":"https:\/\/centrogastronomicorecanto.com.br\/wp-json\/wp\/v2\/pages\/888\/revisions\/1657"}],"wp:attachment":[{"href":"https:\/\/centrogastronomicorecanto.com.br\/wp-json\/wp\/v2\/media?parent=888"}],"curies":[{"name":"wp","href":"https:\/\/api.w.org\/{rel}","templated":true}]}}